{"id":4997,"date":"2019-12-11T09:11:22","date_gmt":"2019-12-11T09:11:22","guid":{"rendered":"http:\/\/www.sanfabiano.com\/?page_id=4997"},"modified":"2019-12-11T09:12:21","modified_gmt":"2019-12-11T09:12:21","slug":"cookie-policy","status":"publish","type":"page","link":"https:\/\/sanfabiano.com\/it\/cookie-policy\/","title":{"rendered":"Cookie Policy"},"content":{"rendered":"<div class=\"inner\">\n<div class=\"inner_wrapper\">\n<div class=\"sidebar_content full_width\">\n<h4>INFORMATIVA ESTESA SUI COOKIE<\/h4>\n<h2>USO DEI COOKIE<\/h2>\n<p>Questo sito utilizza i Cookie per rendere i propri servizi semplici e efficienti per l\u2019utenza che visiona le pagine.<\/p>\n<p>Vi sono\u00a0<strong>vari tipi di cookie<\/strong>, alcuni per rendere pi\u00f9 efficace l\u2019uso del Sito, altri per abilitare determinate funzionalit\u00e0.<\/p>\n<p>Analizzandoli in maniera particolareggiata i nostri cookie permettono di:<\/p>\n<ul>\n<li>memorizzare le preferenze inserite (per esempio la lingua di consultazione)<\/li>\n<li>analizzare in forma anonima e non aggregata i dati di navigazione attraverso sistemi di statistiche del sito web<\/li>\n<\/ul>\n<h2>TIPOLOGIE DI COOKIE UTILIZZATI<\/h2>\n<p>A seguire i vari tipi di cookie utilizzati in funzione delle finalit\u00e0 d\u2019uso<\/p>\n<h3>COOKIE TECNICI<\/h3>\n<p>Questa tipologia di cookie \u00e8 strettamente necessaria al\u00a0<strong>corretto funzionamento di alcune sezioni del Sito<\/strong>. Sono di due categorie: persistenti e di sessione:<\/p>\n<ul>\n<li><strong>persistenti<\/strong>: una volta chiuso il browser non vengono distrutti ma rimangono fino ad una data di scadenza preimpostata<\/li>\n<li><strong>di sessioni<\/strong>: vengono distrutti ogni volta che il browser viene chiuso<\/li>\n<\/ul>\n<p>Questi cookie, inviati sempre dal nostro dominio,\u00a0<strong>sono necessari a visualizzare correttamente il sito<\/strong>\u00a0e in relazione ai servizi tecnici offerti, verranno quindi\u00a0<strong>sempre utilizzati e inviati<\/strong>, a meno che l\u2019utenza non modifichi le impostazioni nel proprio browser (inficiando cos\u00ec la visualizzazione delle pagine del sito).<\/p>\n<h3>COOKIE ANALITICI<\/h3>\n<p>I cookie in questa categoria vengono utilizzati per\u00a0<strong>collezionare informazioni sull\u2019uso del sito<\/strong>. Useremo queste informazioni in merito ad\u00a0<strong>analisi statistiche anonime<\/strong>\u00a0al fine di migliorare l\u2019utilizzo del Sito e per rendere i contenuti pi\u00f9 interessanti e attinenti ai desideri dell\u2019utenza. Questa tipologia di cookie raccoglie dati in\u00a0<strong>forma anonima<\/strong>\u00a0sull\u2019attivit\u00e0 dell\u2019utenza e su come \u00e8 arrivata sul Sito. I cookie analitici sono inviati dal Sito Stesso o da domini di terze parti.<\/p>\n<h3>COOKIE DI ANALISI DI SERVIZI DI TERZE PARTI<\/h3>\n<p>Questi cookie sono utilizzati al fine di raccogliere informazioni sull\u2019<strong>uso del Sito<\/strong>\u00a0da parte degli utenti in\u00a0<strong>forma anonima<\/strong>\u00a0quali: pagine visitate, tempo di permanenza, origini del traffico di provenienza, provenienza geografica, et\u00e0, genere e interessi ai fini di campagne di marketing. Questi cookie sono inviati da domini di terze parti esterni al Sito, nel nostro caso da Google Analytics.<\/p>\n<h3>COOKIE PER INTEGRARE PRODOTTI E FUNZIONI DI SOFTWARE DI TERZE PARTI<\/h3>\n<p>Questa tipologia di cookie\u00a0<strong>integra funzionalit\u00e0 sviluppate da terzi<\/strong>\u00a0all\u2019interno delle pagine del Sito come le icone e le preferenze espresse nei social network al fine di condivisione dei contenuti del sito o per l\u2019uso di servizi software di terze parti (come i software per generare le mappe e ulteriori software che offrono servizi aggiuntivi). Questi cookie sono inviati da\u00a0<strong>domini di terze parti<\/strong>\u00a0e da\u00a0<strong>siti partner<\/strong>\u00a0che offrono le loro funzionalit\u00e0 tra le pagine del Sito.<\/p>\n<h3>COOKIE DI PROFILAZIONE<\/h3>\n<p>Sono quei cookie necessari a creare profili utenti al fine di inviare messaggi pubblicitari in linea con le preferenze manifestate dall\u2019utente all\u2019interno delle pagine del Sito.<\/p>\n<p><strong>In questo sito non sono usati\u00a0cookie di profilazione<\/strong>.<\/p>\n<hr \/>\n<p>Posizionamento-seo.com, secondo la normativa vigente, non \u00e8 tenuto a chiedere consenso per i\u00a0<strong>cookie tecnici<\/strong>, in quanto necessari a fornire i servizi richiesti.<\/p>\n<p>Per tutte le altre tipologie di cookie il consenso pu\u00f2 essere espresso dall\u2019Utente con una o pi\u00f9 di una delle seguenti modalit\u00e0:<\/p>\n<ul>\n<li><strong>Mediante specifiche configurazioni del browser<\/strong>\u00a0utilizzato o dei relativi programmi informatici utilizzati per navigare le pagine che compongono il Sito.<\/li>\n<li><strong>Mediante modifica delle impostazioni<\/strong>\u00a0nell\u2019uso dei servizi di terze parti<\/li>\n<li>Eliminazione dei cookie installati per mezzo del\u00a0<strong>bottone a seguire<\/strong>\u00a0(comporta che si lasci il sito)<\/li>\n<\/ul>\n<p>Entrambe queste soluzioni potrebbero impedire all\u2019utente di utilizzare o visualizzare parti del Sito.<\/p>\n<div>\n<p><strong>Siti Web e servizi di terze parti<\/strong><\/p>\n<p>Il Sito potrebbe contenere collegamenti ad altri siti Web che dispongono di una propria informativa sulla privacy che pu\u00f2 essere diverse da quella adottata e che che quindi\u00a0<strong>non risponde<\/strong>\u00a0di questi siti.<\/p>\n<hr \/>\n<h2>COOKIE UTILIZZATI<\/h2>\n<div id=\"cookieTable\">\n<table>\n<thead>\n<tr>\n<td>Tipo di Cookie<\/td>\n<td>Descrizione dell\u2019uso<\/td>\n<td>Dati Raccolti<\/td>\n<td>Policy Link e Luogo del trattamento<\/td>\n<\/tr>\n<\/thead>\n<tbody>\n<tr>\n<td><strong>Form o Modulo di Contatto<\/strong><\/td>\n<td>L\u2019utente acconsente all\u2019utilizzo dei dati inseriti nel form di contatto al fine di rispondere alle richieste di preventivo, di informazione, o di qualunque altro motivo (indicato nel titolo del modulo).<\/td>\n<td>Nome, email e telefono<\/td>\n<td>Dati non conservati<\/td>\n<\/tr>\n<tr>\n<td>Pulsante\u00a0<strong>Mi Piace<\/strong>\u00a0e servizi terzi di\u00a0<strong>Facebook, Inc.<\/strong><\/td>\n<td>Il pulsante \u201cMi Piace\u201d e i servizi di Facebook sono necessari all\u2019interazione con il social network Facebook e vengono forniti da Facebook, Inc.<\/td>\n<td>Cookie e dati di utilizzo<\/td>\n<td>USA \u2013\u00a0<a href=\"http:\/\/www.facebook.com\/privacy\/explanation.php\" target=\"_blank\" rel=\"nofollow noopener noreferrer\">Privacy Policy<\/a>\u00a0\u2013\u00a0<a href=\"https:\/\/www.facebook.com\/help\/cookies?ref_type=sitefooter\" target=\"_blank\" rel=\"nofollow noopener noreferrer\">Maggiori informazioni<\/a><\/td>\n<\/tr>\n<tr>\n<td><\/td>\n<td><\/td>\n<td><\/td>\n<td><\/td>\n<\/tr>\n<tr>\n<td>Pulsante\u00a0<strong>Google+<\/strong>\u00a0e servizi terzi di\u00a0<strong>Google Inc.<\/strong><\/td>\n<td>Il pulsante \u201c+1\u201d e i servizi correlati a Google+ sono necessari all\u2019interazione con il social network Google Plus e vengono forniti da Google, Inc.<\/td>\n<td>Cookie e dati di utilizzo<\/td>\n<td>USA \u2013\u00a0<a href=\"http:\/\/www.google.com\/intl\/it\/policies\/privacy\/\" target=\"_blank\" rel=\"nofollow noopener noreferrer\">Privacy Policy<\/a>\u00a0\u2013\u00a0<a href=\"https:\/\/www.google.com\/settings\/u\/0\/ads?hl=it&amp;sig=ACi0TCiGVtQo3-M6KWk-W9FLb2ibvVcinVf7QTocMi5pUGsx67qs34yjO2h6N2SfsAAN4bWW9lfY8Zj7PH8epB-TcvIHMSktGnGK9X2FszgcREeCvlRtHrzTtukXpeZgZUx-LeGXWH8JBDW-N24XPdYuAd6ezwnQxl4OFxY_ROB7YMnFRBrDJ2w\" target=\"_blank\" rel=\"nofollow noopener noreferrer\">Opt in<\/a><\/td>\n<\/tr>\n<tr>\n<td><strong>Youtube<\/strong>\u00a0e servizi terzi di\u00a0<strong>Google Inc.<\/strong><\/td>\n<td>Youtube \u00e8 un social network dedicato alla visualizzazione di contenuti video ed \u00e8 gestito da Google Inc. con la possibilit\u00e0 di integrare i contenuti all\u2019interno delle proprie pagine<\/td>\n<td>Cookie e dati di utilizzo<\/td>\n<td>USA \u2013\u00a0<a href=\"http:\/\/www.google.it\/intl\/it\/policies\/privacy\/\" target=\"_blank\" rel=\"nofollow noopener noreferrer\">Privacy Policy<\/a>\u00a0\u2013\u00a0<a href=\"https:\/\/www.google.com\/settings\/u\/0\/ads?hl=it&amp;sig=ACi0TCiGVtQo3-M6KWk-W9FLb2ibvVcinVf7QTocMi5pUGsx67qs34yjO2h6N2SfsAAN4bWW9lfY8Zj7PH8epB-TcvIHMSktGnGK9X2FszgcREeCvlRtHrzTtukXpeZgZUx-LeGXWH8JBDW-N24XPdYuAd6ezwnQxl4OFxY_ROB7YMnFRBrDJ2w\" target=\"_blank\" rel=\"nofollow noopener noreferrer\">Opt in<\/a><\/td>\n<\/tr>\n<tr>\n<td><\/td>\n<td><\/td>\n<td><\/td>\n<td><\/td>\n<\/tr>\n<tr>\n<td>Analisi degli accessi di\u00a0<strong>Google Analytics<\/strong>\u00a0e servizi terzi di\u00a0<strong>Google Inc.<\/strong><\/td>\n<td>Gli accessi e le interazioni dell\u2019utenza su questo sito sono analizzati mediante il servizio di Google Analytics gestito da Google, Inc.<\/td>\n<td>Cookie e dati di utilizzo<\/td>\n<td>USA \u2013\u00a0<a href=\"http:\/\/www.google.com\/intl\/it\/policies\/privacy\/\" target=\"_blank\" rel=\"nofollow noopener noreferrer\">Privacy Policy<\/a>\u00a0\u2013\u00a0<a href=\"https:\/\/www.google.com\/settings\/u\/0\/ads?hl=it&amp;sig=ACi0TCiGVtQo3-M6KWk-W9FLb2ibvVcinVf7QTocMi5pUGsx67qs34yjO2h6N2SfsAAN4bWW9lfY8Zj7PH8epB-TcvIHMSktGnGK9X2FszgcREeCvlRtHrzTtukXpeZgZUx-LeGXWH8JBDW-N24XPdYuAd6ezwnQxl4OFxY_ROB7YMnFRBrDJ2w\" target=\"_blank\" rel=\"nofollow noopener noreferrer\">Opt in<\/a><\/td>\n<\/tr>\n<tr>\n<td><strong>Akismet<\/strong>\u00a0di\u00a0<strong>Automattic Inc.<\/strong><\/td>\n<td>Il servizio di Akismet \u00e8 necessario a proteggere dallo SPAM le pagine di questo sito e viene fornito da Automattic Inc.<\/td>\n<td>Varie tipologie di Dati (specificate nella privacy policy del servizio)<\/td>\n<td>USA \u2013\u00a0<a href=\"http:\/\/automattic.com\/privacy\/\" target=\"_blank\" rel=\"nofollow noopener noreferrer\">Privacy Policy<\/a><\/td>\n<\/tr>\n<tr>\n<td><strong>Google Fonts<\/strong>\u00a0servizio di\u00a0<strong>Google Inc.<\/strong><\/td>\n<td>Google Fonts \u00e8 un servizio che permette di inglobare e visualizzare stili di carattere personalizzati ed \u00e8 gestito da da Google Inc.<\/td>\n<td>Cookie e dati di utilizzo<\/td>\n<td>USA \u2013\u00a0<a href=\"http:\/\/www.google.it\/intl\/en\/policies\/privacy\/\" target=\"_blank\" rel=\"nofollow noopener noreferrer\">Privacy Policy<\/a>\u00a0\u2013\u00a0<a href=\"https:\/\/www.google.com\/settings\/u\/0\/ads?hl=it&amp;sig=ACi0TCiGVtQo3-M6KWk-W9FLb2ibvVcinVf7QTocMi5pUGsx67qs34yjO2h6N2SfsAAN4bWW9lfY8Zj7PH8epB-TcvIHMSktGnGK9X2FszgcREeCvlRtHrzTtukXpeZgZUx-LeGXWH8JBDW-N24XPdYuAd6ezwnQxl4OFxY_ROB7YMnFRBrDJ2w\" target=\"_blank\" rel=\"nofollow noopener noreferrer\">Opt in<\/a><\/td>\n<\/tr>\n<tr>\n<td>Lingua di consultazione (Plugin\u00a0<strong>WPML<\/strong>\u00a0di WordPress<\/td>\n<td>Cookie necessari a memorizzare la lingua di consultazione dell\u2019utente. La scelta viene memorizzata e ricordata per 10 giorni, dopodich\u00e8 sar\u00e0 cancellata dal sistema<\/td>\n<td>Lingua di consultazione del sito<\/td>\n<td>Cookie registrato sul PC dell\u2019utente e non inviato in esterno \u2013\u00a0<a href=\"https:\/\/wpml.org\/documentation\/support\/browser-cookies-stored-wpml\/\" target=\"_blank\" rel=\"noopener noreferrer\">DETTAGLIO<\/a><\/td>\n<\/tr>\n<\/tbody>\n<\/table>\n<\/div>\n<hr \/>\n<\/div>\n<div>\n<div>\n<div>\n<h2>COME DISABILITARE I COOKIE MEDIANTE CONFIGURAZIONE DEL BROWSER<\/h2>\n<\/div>\n<\/div>\n<div>\n<p>Le impostazioni riguardanti i cookie possono essere controllate e modificate dalle \u201cPreferenze\u201d del browser. Seleziona qui sotto il browser che stai utilizzando, per informazioni su come modificare le impostazioni dei cookie.<\/p>\n<ul>\n<li><a href=\"https:\/\/support.apple.com\/kb\/ph19214?locale=en_US\">Apple Safari<\/a><\/li>\n<li><a href=\"https:\/\/support.google.com\/chrome\/answer\/95647?co=GENIE.Platform%3DDesktop&amp;hl=en\">Google Chrome<\/a><\/li>\n<li><a href=\"https:\/\/privacy.microsoft.com\/en-us\/windows-10-microsoft-edge-and-privacy\">Microsoft Edge<\/a><\/li>\n<li><a href=\"https:\/\/support.microsoft.com\/en-gb\/help\/17442\/windows-internet-explorer-delete-manage-cookies\">Microsoft Internet Explorer<\/a><\/li>\n<li><a href=\"https:\/\/support.mozilla.org\/en-US\/kb\/enable-and-disable-cookies-website-preferences\">Mozilla Firefox<\/a><\/li>\n<li><a href=\"http:\/\/www.opera.com\/help\/tutorials\/security\/cookies\/\">Opera<\/a><\/li>\n<li><a href=\"https:\/\/support.google.com\/chrome\/answer\/95647?co=GENIE.Platform%3DAndroid&amp;hl=en&amp;oco=1\">Android (Chrome)<\/a><\/li>\n<li><a href=\"https:\/\/help.blackberry.com\/en\/blackberry-classic\/10.3.1\/help\/mwa1334238823957.html\">Blackberry<\/a><\/li>\n<li><a href=\"https:\/\/support.google.com\/chrome\/answer\/95647?co=GENIE.Platform%3DiOS&amp;hl=en&amp;oco=1\">Iphone or Ipad (Chrome)<\/a><\/li>\n<li><a href=\"https:\/\/support.google.com\/chrome\/answer\/95647?co=GENIE.Platform%3DAndroid&amp;hl=en&amp;oco=1\">Iphone or Ipad (Safari)<\/a><\/li>\n<\/ul>\n<div>\n<p>Se desiderate un controllo maggiore sui cookie utilizzati sul vostro pc potete consultare questo sito ed eventualmente specificare ulteriori preferenze:\u00a0<a href=\"http:\/\/www.youronlinechoices.com\/it\/\" target=\"_blank\" rel=\"noopener noreferrer\">http:\/\/www.youronlinechoices.com\/it\/<\/a><\/p>\n<\/div>\n<\/div>\n<\/div>\n<\/div>\n<\/div>\n<\/div>\n","protected":false},"excerpt":{"rendered":"<p>INFORMATIVA ESTESA SUI COOKIE USO DEI COOKIE Questo sito utilizza i Cookie per rendere i propri servizi semplici e efficienti per l\u2019utenza che visiona le pagine. Vi sono\u00a0vari tipi di cookie, alcuni per rendere pi\u00f9 efficace l\u2019uso del Sito, altri per abilitare determinate funzionalit\u00e0. Analizzandoli in maniera particolareggiata i nostri cookie permettono di: memorizzare le [&hellip;]<\/p>\n","protected":false},"author":4,"featured_media":0,"parent":0,"menu_order":0,"comment_status":"closed","ping_status":"closed","template":"","meta":{"footnotes":""},"class_list":["post-4997","page","type-page","status-publish","hentry"],"_links":{"self":[{"href":"https:\/\/sanfabiano.com\/it\/wp-json\/wp\/v2\/pages\/4997\/"}],"collection":[{"href":"https:\/\/sanfabiano.com\/it\/wp-json\/wp\/v2\/pages\/"}],"about":[{"href":"https:\/\/sanfabiano.com\/it\/wp-json\/wp\/v2\/types\/page\/"}],"author":[{"embeddable":true,"href":"https:\/\/sanfabiano.com\/it\/wp-json\/wp\/v2\/users\/4\/"}],"replies":[{"embeddable":true,"href":"https:\/\/sanfabiano.com\/it\/wp-json\/wp\/v2\/comments\/?post=4997"}],"version-history":[{"count":3,"href":"https:\/\/sanfabiano.com\/it\/wp-json\/wp\/v2\/pages\/4997\/revisions\/"}],"predecessor-version":[{"id":5005,"href":"https:\/\/sanfabiano.com\/it\/wp-json\/wp\/v2\/pages\/4997\/revisions\/5005\/"}],"wp:attachment":[{"href":"https:\/\/sanfabiano.com\/it\/wp-json\/wp\/v2\/media\/?parent=4997"}],"curies":[{"name":"wp","href":"https:\/\/api.w.org\/{rel}","templated":true}]}}