{"id":4912,"date":"2019-12-05T10:21:18","date_gmt":"2019-12-05T10:21:18","guid":{"rendered":"http:\/\/www.sanfabiano.com\/about-us\/"},"modified":"2021-06-28T15:43:59","modified_gmt":"2021-06-28T15:43:59","slug":"chi-siamo","status":"publish","type":"page","link":"https:\/\/sanfabiano.com\/it\/chi-siamo\/","title":{"rendered":"CHI SIAMO"},"content":{"rendered":"<p>[vc_row full_width=&#8221;stretch_row&#8221; css=&#8221;.vc_custom_1575541273694{margin-top: -50px !important;padding-top: 200px !important;padding-bottom: 150px !important;background-image: url(http:\/\/sanfabiano.com\/wp-content\/uploads\/2019\/12\/san-fabiano-copertina-2.jpg?id=4857) !important;background-position: center !important;background-repeat: no-repeat !important;background-size: cover !important;}&#8221; el_class=&#8221;mobile_row_hide&#8221;][vc_column offset=&#8221;vc_hidden-sm vc_hidden-xs&#8221;][vc_empty_space height=&#8221;100px&#8221;][vc_column_text]<\/p>\n<h1 style=\"text-align: center;\"><span style=\"color: #f1ebd1;\">CHI SIAMO<\/span><\/h1>\n<p>[\/vc_column_text][vc_empty_space height=&#8221;100px&#8221;][\/vc_column][\/vc_row][vc_row full_width=&#8221;stretch_row_content_no_spaces&#8221; css=&#8221;.vc_custom_1574331956594{margin-bottom: -105px !important;background-position: center !important;background-repeat: no-repeat !important;background-size: contain !important;}&#8221;][vc_column][vc_empty_space][\/vc_column][\/vc_row][vc_row full_width=&#8221;stretch_row&#8221; position=&#8221;&#8221; parallax_layers=&#8221;&#8221; style_images=&#8221;&#8221; css=&#8221;.vc_custom_1574156611487{margin-right: 40px !important;margin-left: 40px !important;}&#8221;][vc_column width=&#8221;1\/4&#8243;][\/vc_column][vc_column width=&#8221;1\/2&#8243;][vc_column_text css=&#8221;.vc_custom_1624895027901{margin-top: 50px !important;}&#8221;]<\/p>\n<p style=\"text-align: center;\"><span style=\"font-size: 18PX;\">La fattoria di San Fabiano era una delle sette fattorie del marchese Guccio Bichi Ruspoli Forteguerri Pannilini, che alla fine della guerra, avendo servito nella stessa accademia ufficiali, visit\u00f2 mio padre l&#8217;ingegnere conte Giuseppe Fiorentini nella sua sede di Roma, invitandolo a visitare la propriet\u00e0. Cos\u00ec mio padre arriv\u00f2 da Roma con la sua Rolls-Royce e quando vide la bellezza del paesaggio e se ne innamor\u00f2 e acquist\u00f2 subito la Fattoria. A quel tempo c&#8217;erano circa 2500 acri coltivati con tabacco, uva, grano, girasoli e allevamenti di\u00a0 vacche e maiali. Oggi la fattoria \u00e8 leggermente cambiata, mantenendo per\u00f2 la bellezza originale. \u00c9 ancora presente un allevamento di cavalli del quale si occupa mia sorella, coltiviamo campi biologici di tartufi bianchi, grano e cicoria e ci occupiamo con passione dell&#8217;accoglienza degli ospiti. Se vuoi saperne di pi\u00f9 acquista il libro sulla mia famiglia presso <a href=\"https:\/\/www.amazon.it\/dp\/1979082227\/ref=cm_sw_r_em_apa_i_iFo5DbTBSF5AF\">Giuseppe Fiorentini: Ultimo grande industriale di Roma<\/a>\u00a0<\/span><\/p>\n<p>[\/vc_column_text][\/vc_column][vc_column width=&#8221;1\/4&#8243;][\/vc_column][\/vc_row][vc_row css=&#8221;.vc_custom_1575541912094{margin-bottom: -105px !important;}&#8221;][vc_column][vc_media_grid grid_id=&#8221;vc_gid:1624894849506-97f32c82-84c3-4&#8243; include=&#8221;4843,4953,4941&#8243;][\/vc_column][\/vc_row]<\/p>\n","protected":false},"excerpt":{"rendered":"<p>[vc_row full_width=&#8221;stretch_row&#8221; css=&#8221;.vc_custom_1575541273694{margin-top: -50px !important;padding-top: 200px !important;padding-bottom: 150px !important;background-image: url(http:\/\/sanfabiano.com\/wp-content\/uploads\/2019\/12\/san-fabiano-copertina-2.jpg?id=4857) !important;background-position: center !important;background-repeat: no-repeat !important;background-size: cover !important;}&#8221; el_class=&#8221;mobile_row_hide&#8221;][vc_column offset=&#8221;vc_hidden-sm vc_hidden-xs&#8221;][vc_empty_space height=&#8221;100px&#8221;][vc_column_text] CHI SIAMO [\/vc_column_text][vc_empty_space height=&#8221;100px&#8221;][\/vc_column][\/vc_row][vc_row full_width=&#8221;stretch_row_content_no_spaces&#8221; css=&#8221;.vc_custom_1574331956594{margin-bottom: -105px !important;background-position: center !important;background-repeat: no-repeat !important;background-size: contain !important;}&#8221;][vc_column][vc_empty_space][\/vc_column][\/vc_row][vc_row full_width=&#8221;stretch_row&#8221; position=&#8221;&#8221; parallax_layers=&#8221;&#8221; style_images=&#8221;&#8221; css=&#8221;.vc_custom_1574156611487{margin-right: 40px !important;margin-left: 40px !important;}&#8221;][vc_column width=&#8221;1\/4&#8243;][\/vc_column][vc_column width=&#8221;1\/2&#8243;][vc_column_text css=&#8221;.vc_custom_1624895027901{margin-top: 50px !important;}&#8221;] La fattoria di San Fabiano era [&hellip;]<\/p>\n","protected":false},"author":4,"featured_media":0,"parent":0,"menu_order":0,"comment_status":"closed","ping_status":"closed","template":"","meta":{"footnotes":""},"class_list":["post-4912","page","type-page","status-publish","hentry"],"_links":{"self":[{"href":"https:\/\/sanfabiano.com\/it\/wp-json\/wp\/v2\/pages\/4912\/"}],"collection":[{"href":"https:\/\/sanfabiano.com\/it\/wp-json\/wp\/v2\/pages\/"}],"about":[{"href":"https:\/\/sanfabiano.com\/it\/wp-json\/wp\/v2\/types\/page\/"}],"author":[{"embeddable":true,"href":"https:\/\/sanfabiano.com\/it\/wp-json\/wp\/v2\/users\/4\/"}],"replies":[{"embeddable":true,"href":"https:\/\/sanfabiano.com\/it\/wp-json\/wp\/v2\/comments\/?post=4912"}],"version-history":[{"count":8,"href":"https:\/\/sanfabiano.com\/it\/wp-json\/wp\/v2\/pages\/4912\/revisions\/"}],"predecessor-version":[{"id":5118,"href":"https:\/\/sanfabiano.com\/it\/wp-json\/wp\/v2\/pages\/4912\/revisions\/5118\/"}],"wp:attachment":[{"href":"https:\/\/sanfabiano.com\/it\/wp-json\/wp\/v2\/media\/?parent=4912"}],"curies":[{"name":"wp","href":"https:\/\/api.w.org\/{rel}","templated":true}]}}